
{"id":200,"date":"2018-06-12T18:01:47","date_gmt":"2018-06-12T16:01:47","guid":{"rendered":"https:\/\/beachvolley2018.pl\/?page_id=200"},"modified":"2018-06-12T18:01:47","modified_gmt":"2018-06-12T16:01:47","slug":"regulamin","status":"publish","type":"page","link":"https:\/\/doprzodu.org.pl\/wydarzenia\/beachvolley2018\/regulamin\/","title":{"rendered":"Regulamin"},"content":{"rendered":"<p style=\"text-align: center\"><strong>BEACH VOLLEY 2018<br \/>\nPRU\u015aCE, 14-15 LIPCA 2018<\/strong><\/p>\n<p style=\"text-align: center\"><strong>REGULAMIN<\/strong><\/p>\n<table width=\"623\">\n<tbody>\n<tr>\n<td><strong>\u00a0<\/strong><\/p>\n<p><strong>I. ZASADY OG\u00d3LNE:<\/strong><\/p>\n<p>1. organizatorem turnieju jest Stowarzyszenie Do Przodu.<\/p>\n<p>2. \u00a0w turnieju bior\u0105 udzia\u0142 zespo\u0142y dwuosobowe(m\u0119skie, \u017ce\u0144skie lub mieszane);<\/p>\n<p>3. \u00a0minimalny wiek uczestnika zawod\u00f3w to uko\u0144czone 16 lat;<\/p>\n<p>4. \u00a0uczestnicy poni\u017cej 18 roku \u017cycia posiadaj\u0105 zgod\u0119 rodzic\u00f3w\/opiekun\u00f3w prawnych;<\/p>\n<p>5. mecze rozgrywane s\u0105 na boisku o pod\u0142o\u017cu piaszczystym;<\/p>\n<p>6. ka\u017cda z dru\u017cyn przed przyst\u0105pieniem do zawod\u00f3w musi podpisa\u0107 akceptacj\u0119 niniejszego Regulaminu.<\/p>\n<p><strong>II. TECHNIKA ODBI\u0106:<\/strong><\/p>\n<p>1. nie wolno przyjmowa\u0107 zagrywki odbiciem g\u00f3rnym obur\u0105cz &#8220;na palce\u201d<br \/>\n2. nie wolno atakowa\u0107 (przebija\u0107 pi\u0142ki na stron\u0119 przeciwnika) w formie kiwni\u0119cia &#8211; odbicia pi\u0142ki &#8220;palcami&#8221; jednej lub obu r\u0105k;<\/p>\n<p>3. odbicie atakuj\u0105ce mo\u017ce by\u0107 wykonane otwart\u0105 d\u0142oni\u0105, grzbietem d\u0142oni, pi\u0119\u015bci\u0105 oraz ka\u017cd\u0105 inn\u0105 cz\u0119\u015bci\u0105 cia\u0142a;<\/p>\n<p>4. mo\u017cna odbi\u0107 pi\u0142k\u0119 grzbietem d\u0142oni, pi\u0119\u015bci\u0105 lub inn\u0105 tward\u0105 cz\u0119\u015bci\u0105 ramienia lub inn\u0105 cz\u0119\u015bci\u0105 cia\u0142a;<\/p>\n<p>5. wystawienie pi\u0142ki do ataku w formie odbicia g\u00f3rnego (&#8220;palcami&#8221;) mo\u017ce by\u0107 r\u00f3wnie\u017c wykonane z wyskoku lub w ty\u0142, je\u015bli jest nienaganne (&#8220;czyste&#8221;);<br \/>\n6. podczas wystawiania wskazane jest kr\u00f3tkie przetrzymanie pi\u0142ki (przed\u0142u\u017cony kontakt z pi\u0142k\u0105), kt\u00f3re w grze na hali uznane by\u0142oby za b\u0142\u0105d &#8220;pi\u0142ki niesionej&#8221;(!!!).<\/p>\n<p><strong>III. SYSTEM ROZGRYWEK:<\/strong><\/p>\n<p>1.\u00a0\u00a0\u00a0\u00a0\u00a0\u00a0\u00a0\u00a0\u00a0\u00a0\u00a0\u00a0\u00a0\u00a0\u00a0\u00a0\u00a0 obowi\u0105zuje system mieszany:<\/p>\n<p>&#8211; 14.07. (sobota) odb\u0119dzie si\u0119 faza grupowa \u2013 sze\u015b\u0107 grup po trzy zespo\u0142y; z grupy awansuj\u0105 zwyci\u0119zcy grup oraz dwie najlepsze dru\u017cyny z drugich miejsc (o tym zadecyduj\u0105: liczba punkt\u00f3w, ilo\u015b\u0107 wygranych set\u00f3w, liczba zdobytych ma\u0142ych punkt\u00f3w);<br \/>\n&#8211; 15.07. (niedziela) bara\u017ce \u2013 zespo\u0142y z drugich miejsc zmierz\u0105 si\u0119 w dw\u00f3ch grupach, mecze w grupie ka\u017cdy z ka\u017cdym, zwyci\u0119zcy grup awansuj\u0105 do najlepszej \u00f3semki; system brazylijski dla 8 dru\u017cyn;<\/p>\n<p><strong>\u00a0<\/strong><\/p>\n<p><strong>IV. ROZGRYWANIE MECZ\u00d3W:<\/strong><\/p>\n<p>1. mecz jest rozgrywany systemem do dw\u00f3ch wygranych 21-punktowych set\u00f3w;<br \/>\n2. w pierwszych dw\u00f3ch setach w przypadku remisu 20:20 gra jest kontynuowana do momentu, w kt\u00f3rym jeden z zespo\u0142\u00f3w uzyska dwa punkty przewagi;<br \/>\n3. decyduj\u0105cy (trzeci) set \u2013 tie break jest rozgrywany do 15 punkt\u00f3w &#8211; nie obowi\u0105zuje zasada dw\u00f3ch punkt\u00f3w przewagi), tj. wygrywa zesp\u00f3\u0142, kt\u00f3ry pierwszy zdob\u0119dzie 15 punkt;<br \/>\n4. w trzecim secie po 8 zdobytych punktach nast\u0119puje zmiana stron boiska.<br \/>\n5. ka\u017cdy zesp\u00f3\u0142 ma prawo do maks. dw\u00f3ch przerw na odpoczynek w meczu.<\/p>\n<p>&nbsp;<\/p>\n<p><strong>V. POSTANOWIENIA KO\u0143COWE<\/strong>:<\/p>\n<p>1. zawodnicy bior\u0105cy udzia\u0142 w turnieju graj\u0105 na w\u0142asn\u0105 odpowiedzialno\u015b\u0107;<\/p>\n<p>2. organizator zapewnia ubezpieczenie NNW;<\/p>\n<p>2. organizator nie ponosi odpowiedzialno\u015bci prawnej za udzia\u0142 w rozgrywkach os\u00f3b chorych i ewentualnych, wynik\u0142ych z tego kontuzji, wypadk\u00f3w i uraz\u00f3w. Nakazuje si\u0119, by zawodnicy bior\u0105cy udzia\u0142 w rozgrywkach poddali si\u0119 badaniom lekarskim stwierdzaj\u0105cym ich dobry stan zdrowia;<\/p>\n<p>3. w razie jakichkolwiek w\u0105tpliwo\u015bci sprawy rozwi\u0105zywane s\u0105 na bie\u017c\u0105co przez Organizatora.<\/td>\n<\/tr>\n<\/tbody>\n<\/table>\n","protected":false},"excerpt":{"rendered":"<p>BEACH VOLLEY 2018 PRU\u015aCE, 14-15 LIPCA 2018 REGULAMIN \u00a0 I. ZASADY OG\u00d3LNE: 1. organizatorem turnieju jest Stowarzyszenie Do Przodu. 2. \u00a0w turnieju bior\u0105 udzia\u0142 zespo\u0142y dwuosobowe(m\u0119skie, \u017ce\u0144skie lub mieszane); 3. \u00a0minimalny wiek uczestnika zawod\u00f3w to uko\u0144czone 16 lat; 4. \u00a0uczestnicy poni\u017cej 18 roku \u017cycia posiadaj\u0105 zgod\u0119 rodzic\u00f3w\/opiekun\u00f3w prawnych; 5. mecze rozgrywane s\u0105 na boisku o [&hellip;]<\/p>\n","protected":false},"author":1,"featured_media":0,"parent":0,"menu_order":0,"comment_status":"closed","ping_status":"closed","template":"","meta":[],"categories":[],"tags":[],"_links":{"self":[{"href":"https:\/\/doprzodu.org.pl\/wydarzenia\/beachvolley2018\/wp-json\/wp\/v2\/pages\/200"}],"collection":[{"href":"https:\/\/doprzodu.org.pl\/wydarzenia\/beachvolley2018\/wp-json\/wp\/v2\/pages"}],"about":[{"href":"https:\/\/doprzodu.org.pl\/wydarzenia\/beachvolley2018\/wp-json\/wp\/v2\/types\/page"}],"author":[{"embeddable":true,"href":"https:\/\/doprzodu.org.pl\/wydarzenia\/beachvolley2018\/wp-json\/wp\/v2\/users\/1"}],"replies":[{"embeddable":true,"href":"https:\/\/doprzodu.org.pl\/wydarzenia\/beachvolley2018\/wp-json\/wp\/v2\/comments?post=200"}],"version-history":[{"count":0,"href":"https:\/\/doprzodu.org.pl\/wydarzenia\/beachvolley2018\/wp-json\/wp\/v2\/pages\/200\/revisions"}],"wp:attachment":[{"href":"https:\/\/doprzodu.org.pl\/wydarzenia\/beachvolley2018\/wp-json\/wp\/v2\/media?parent=200"}],"wp:term":[{"taxonomy":"category","embeddable":true,"href":"https:\/\/doprzodu.org.pl\/wydarzenia\/beachvolley2018\/wp-json\/wp\/v2\/categories?post=200"},{"taxonomy":"post_tag","embeddable":true,"href":"https:\/\/doprzodu.org.pl\/wydarzenia\/beachvolley2018\/wp-json\/wp\/v2\/tags?post=200"}],"curies":[{"name":"wp","href":"https:\/\/api.w.org\/{rel}","templated":true}]}}