
{"id":207,"date":"2018-06-12T18:05:47","date_gmt":"2018-06-12T16:05:47","guid":{"rendered":"https:\/\/beachvolley2018.pl\/?page_id=207"},"modified":"2018-06-12T18:05:47","modified_gmt":"2018-06-12T16:05:47","slug":"historia","status":"publish","type":"page","link":"https:\/\/doprzodu.org.pl\/wydarzenia\/beachvolley2018\/historia\/","title":{"rendered":"Historia"},"content":{"rendered":"<h6 style=\"text-align: center\"><span style=\"font-family: arial, helvetica, sans-serif;font-size: 14pt\"><span style=\"color: #ff6600\">Beach Volley 2018<\/span> to kolejna edycja turnieju siatk\u00f3wki pla\u017cowej w Pru\u015bcach (gm.Rogo\u017ano).<\/span><br \/>\n<span style=\"font-family: arial, helvetica, sans-serif;font-size: 14pt\">W tym roku do rywalizacji stanie 36 zawodnik\u00f3w (18 par), kt\u00f3rzy w dniach 14-15 lipca\u00a0<span style=\"line-height: 1.71429\">rywalizowa\u0107 b\u0119d\u0105 na piaszczystym boisku do siatk\u00f3wki pla\u017cowej gruntownie zmodernizowanym w 2017 roku dzi\u0119ki m.in. \u015brodkom z Funduszu Inicjatyw Obywatelskich Wielkopolska Wiara. W sobot\u0119 (14.07.) odb\u0119dzie si\u0119 faza grupowa, podczas kt\u00f3rej pary podzielone b\u0119d\u0105 na sze\u015b\u0107 grup (po trzy pary). Z ka\u017cdej grupy do rozgrywek niedzielnych awansuj\u0105 najlepsze pary. Spo\u015br\u00f3d par, kt\u00f3re zajm\u0105 drugi miejsce dwie najlepsze ekipy r\u00f3wnie\u017c do\u0142\u0105cz\u0105 do TOP-8. Najlepsza \u00f3semka zmierzy si\u0119 w niedziele, gdzie mecze rozgrywane b\u0119d\u0105 systemem brazylijskim.<\/span><\/span><\/h6>\n","protected":false},"excerpt":{"rendered":"<p>Beach Volley 2018 to kolejna edycja turnieju siatk\u00f3wki pla\u017cowej w Pru\u015bcach (gm.Rogo\u017ano). W tym roku do rywalizacji stanie 36 zawodnik\u00f3w (18 par), kt\u00f3rzy w dniach 14-15 lipca\u00a0rywalizowa\u0107 b\u0119d\u0105 na piaszczystym boisku do siatk\u00f3wki pla\u017cowej gruntownie zmodernizowanym w 2017 roku dzi\u0119ki m.in. \u015brodkom z Funduszu Inicjatyw Obywatelskich Wielkopolska Wiara. W sobot\u0119 (14.07.) odb\u0119dzie si\u0119 faza grupowa, [&hellip;]<\/p>\n","protected":false},"author":1,"featured_media":0,"parent":0,"menu_order":0,"comment_status":"closed","ping_status":"closed","template":"","meta":[],"categories":[],"tags":[],"_links":{"self":[{"href":"https:\/\/doprzodu.org.pl\/wydarzenia\/beachvolley2018\/wp-json\/wp\/v2\/pages\/207"}],"collection":[{"href":"https:\/\/doprzodu.org.pl\/wydarzenia\/beachvolley2018\/wp-json\/wp\/v2\/pages"}],"about":[{"href":"https:\/\/doprzodu.org.pl\/wydarzenia\/beachvolley2018\/wp-json\/wp\/v2\/types\/page"}],"author":[{"embeddable":true,"href":"https:\/\/doprzodu.org.pl\/wydarzenia\/beachvolley2018\/wp-json\/wp\/v2\/users\/1"}],"replies":[{"embeddable":true,"href":"https:\/\/doprzodu.org.pl\/wydarzenia\/beachvolley2018\/wp-json\/wp\/v2\/comments?post=207"}],"version-history":[{"count":0,"href":"https:\/\/doprzodu.org.pl\/wydarzenia\/beachvolley2018\/wp-json\/wp\/v2\/pages\/207\/revisions"}],"wp:attachment":[{"href":"https:\/\/doprzodu.org.pl\/wydarzenia\/beachvolley2018\/wp-json\/wp\/v2\/media?parent=207"}],"wp:term":[{"taxonomy":"category","embeddable":true,"href":"https:\/\/doprzodu.org.pl\/wydarzenia\/beachvolley2018\/wp-json\/wp\/v2\/categories?post=207"},{"taxonomy":"post_tag","embeddable":true,"href":"https:\/\/doprzodu.org.pl\/wydarzenia\/beachvolley2018\/wp-json\/wp\/v2\/tags?post=207"}],"curies":[{"name":"wp","href":"https:\/\/api.w.org\/{rel}","templated":true}]}}