
{"id":585,"date":"2019-05-31T15:59:56","date_gmt":"2019-05-31T13:59:56","guid":{"rendered":"https:\/\/doprzodu.org.pl\/wydarzenia\/beachvolley2018\/?page_id=585"},"modified":"2019-05-31T16:25:17","modified_gmt":"2019-05-31T14:25:17","slug":"live-streamy","status":"publish","type":"page","link":"https:\/\/doprzodu.org.pl\/wydarzenia\/beachvolley2018\/live-streamy\/","title":{"rendered":"Zapisy z live stream\u00f3w"},"content":{"rendered":"\n<p>Wzgl\u0119du na optymalizacje dzia\u0142ania strony zapisy z live strema\u00f3w zosta\u0142y podzielone na podstrony.<\/p>\n\n\n\n<p>Strona 2 &#8211; losowanie grup<br>Strona 3 &#8211; sobota<br>Strona 4 &#8211; losowanie bara\u017cy<br>Strona 5 &#8211; niedziela<br>Strona 6 &#8211; wyniki<\/p>\n\n\n\n<!--nextpage-->\n\n\n\n<h2 style=\"text-align:center\">Losowanie grup<\/h2>\n\n\n\n<figure class=\"wp-block-embed-facebook wp-block-embed is-type-video is-provider-facebook\"><div class=\"wp-block-embed__wrapper\">\n<div id=\"fb-root\"><\/div><script async=\"1\" defer=\"1\" crossorigin=\"anonymous\" src=\"https:\/\/connect.facebook.net\/pl_PL\/sdk.js#xfbml=1&amp;version=v3.3\"><\/script><div class=\"fb-video\" data-href=\"https:\/\/www.facebook.com\/doprzodu\/videos\/646946082347707\/\" data-width=\"656\"><blockquote cite=\"https:\/\/www.facebook.com\/doprzodu\/videos\/646946082347707\/\" class=\"fb-xfbml-parse-ignore\"><a href=\"https:\/\/www.facebook.com\/doprzodu\/videos\/646946082347707\/\">Losowanie Grup BV2018!<\/a><p><\/p>Opublikowany przez <a href=\"https:\/\/www.facebook.com\/doprzodu\/\">Stowarzyszenie Do Przodu<\/a> Wtorek, 10 lipca 2018<\/blockquote><\/div>\n<\/div><\/figure>\n\n\n\n<!--nextpage-->\n\n\n\n<h2 style=\"text-align:center\">Sobota<\/h2>\n\n\n\n<figure class=\"wp-block-embed-facebook wp-block-embed is-type-video is-provider-facebook\"><div class=\"wp-block-embed__wrapper\">\n<div id=\"fb-root\"><\/div><script async=\"1\" defer=\"1\" crossorigin=\"anonymous\" src=\"https:\/\/connect.facebook.net\/pl_PL\/sdk.js#xfbml=1&amp;version=v3.3\"><\/script><div class=\"fb-video\" data-href=\"https:\/\/www.facebook.com\/doprzodu\/videos\/650396855335963\/\" data-width=\"656\"><blockquote cite=\"https:\/\/www.facebook.com\/doprzodu\/videos\/650396855335963\/\" class=\"fb-xfbml-parse-ignore\"><a href=\"https:\/\/www.facebook.com\/doprzodu\/videos\/650396855335963\/\"><\/a><p><\/p>Opublikowany przez <a href=\"https:\/\/www.facebook.com\/doprzodu\/\">Stowarzyszenie Do Przodu<\/a> Pi\u0105tek, 13 lipca 2018<\/blockquote><\/div>\n<\/div><\/figure>\n\n\n\n<figure class=\"wp-block-embed-facebook wp-block-embed is-type-video is-provider-facebook\"><div class=\"wp-block-embed__wrapper\">\n<div id=\"fb-root\"><\/div><script async=\"1\" defer=\"1\" crossorigin=\"anonymous\" src=\"https:\/\/connect.facebook.net\/pl_PL\/sdk.js#xfbml=1&amp;version=v3.3\"><\/script><div class=\"fb-video\" data-href=\"https:\/\/www.facebook.com\/doprzodu\/videos\/650462108662771\/\" data-width=\"656\"><blockquote cite=\"https:\/\/www.facebook.com\/doprzodu\/videos\/650462108662771\/\" class=\"fb-xfbml-parse-ignore\"><a href=\"https:\/\/www.facebook.com\/doprzodu\/videos\/650462108662771\/\"><\/a><p><\/p>Opublikowany przez <a href=\"https:\/\/www.facebook.com\/doprzodu\/\">Stowarzyszenie Do Przodu<\/a> Sobota, 14 lipca 2018<\/blockquote><\/div>\n<\/div><\/figure>\n\n\n\n<figure class=\"wp-block-embed-facebook wp-block-embed is-type-video is-provider-facebook\"><div class=\"wp-block-embed__wrapper\">\n<div id=\"fb-root\"><\/div><script async=\"1\" defer=\"1\" crossorigin=\"anonymous\" src=\"https:\/\/connect.facebook.net\/pl_PL\/sdk.js#xfbml=1&amp;version=v3.3\"><\/script><div class=\"fb-video\" data-href=\"https:\/\/www.facebook.com\/doprzodu\/videos\/650519681990347\/\" data-width=\"656\"><blockquote cite=\"https:\/\/www.facebook.com\/doprzodu\/videos\/650519681990347\/\" class=\"fb-xfbml-parse-ignore\"><a href=\"https:\/\/www.facebook.com\/doprzodu\/videos\/650519681990347\/\"><\/a><p><\/p>Opublikowany przez <a href=\"https:\/\/www.facebook.com\/doprzodu\/\">Stowarzyszenie Do Przodu<\/a> Sobota, 14 lipca 2018<\/blockquote><\/div>\n<\/div><\/figure>\n\n\n\n<figure class=\"wp-block-embed-facebook wp-block-embed is-type-video is-provider-facebook\"><div class=\"wp-block-embed__wrapper\">\n<div id=\"fb-root\"><\/div><script async=\"1\" defer=\"1\" crossorigin=\"anonymous\" src=\"https:\/\/connect.facebook.net\/pl_PL\/sdk.js#xfbml=1&amp;version=v3.3\"><\/script><div class=\"fb-video\" data-href=\"https:\/\/www.facebook.com\/doprzodu\/videos\/650624905313158\/\" data-width=\"656\"><blockquote cite=\"https:\/\/www.facebook.com\/doprzodu\/videos\/650624905313158\/\" class=\"fb-xfbml-parse-ignore\"><a href=\"https:\/\/www.facebook.com\/doprzodu\/videos\/650624905313158\/\"><\/a><p><\/p>Opublikowany przez <a href=\"https:\/\/www.facebook.com\/doprzodu\/\">Stowarzyszenie Do Przodu<\/a> Sobota, 14 lipca 2018<\/blockquote><\/div>\n<\/div><\/figure>\n\n\n\n<!--nextpage-->\n\n\n\n<h2 style=\"text-align:center\">Losowanie bara\u017cy<\/h2>\n\n\n\n<figure class=\"wp-block-embed-facebook wp-block-embed is-type-video is-provider-facebook\"><div class=\"wp-block-embed__wrapper\">\n<div id=\"fb-root\"><\/div><script async=\"1\" defer=\"1\" crossorigin=\"anonymous\" src=\"https:\/\/connect.facebook.net\/pl_PL\/sdk.js#xfbml=1&amp;version=v3.3\"><\/script><div class=\"fb-video\" data-href=\"https:\/\/www.facebook.com\/doprzodu\/videos\/650808038628178\/\" data-width=\"656\"><blockquote cite=\"https:\/\/www.facebook.com\/doprzodu\/videos\/650808038628178\/\" class=\"fb-xfbml-parse-ignore\"><a href=\"https:\/\/www.facebook.com\/doprzodu\/videos\/650808038628178\/\"><\/a><p>Losowanie Grup<\/p>Opublikowany przez <a href=\"https:\/\/www.facebook.com\/doprzodu\/\">Stowarzyszenie Do Przodu<\/a> Sobota, 14 lipca 2018<\/blockquote><\/div>\n<\/div><\/figure>\n\n\n\n<!--nextpage-->\n\n\n\n<h2 style=\"text-align:center\">Niedziala<\/h2>\n\n\n\n<figure class=\"wp-block-embed-youtube wp-block-embed is-type-video is-provider-youtube wp-embed-aspect-16-9 wp-has-aspect-ratio\"><div class=\"wp-block-embed__wrapper\">\n<iframe loading=\"lazy\" title=\"?[LIVE] Beach Volley 2018 (Pru\u015bce)\" width=\"656\" height=\"369\" src=\"https:\/\/www.youtube.com\/embed\/6uD-FDKRxWw?feature=oembed\" frameborder=\"0\" allow=\"accelerometer; autoplay; encrypted-media; gyroscope; picture-in-picture\" allowfullscreen><\/iframe>\n<\/div><\/figure>\n\n\n\n<!--nextpage-->\n\n\n\n<h2 style=\"text-align:center\">Wyniki<\/h2>\n\n\n\n<figure class=\"wp-block-embed-facebook wp-block-embed is-type-video is-provider-facebook\"><div class=\"wp-block-embed__wrapper\">\nhttps:\/\/www.facebook.com\/doprzodu\/videos\/651772385198410\/\n<\/div><\/figure>\n\n\n\n<figure class=\"wp-block-embed-facebook wp-block-embed is-type-video is-provider-facebook\"><div class=\"wp-block-embed__wrapper\">\n<div id=\"fb-root\"><\/div><script async=\"1\" defer=\"1\" crossorigin=\"anonymous\" src=\"https:\/\/connect.facebook.net\/pl_PL\/sdk.js#xfbml=1&amp;version=v3.3\"><\/script><div class=\"fb-video\" data-href=\"https:\/\/www.facebook.com\/doprzodu\/videos\/651776641864651\/\" data-width=\"656\"><blockquote cite=\"https:\/\/www.facebook.com\/doprzodu\/videos\/651776641864651\/\" class=\"fb-xfbml-parse-ignore\"><a href=\"https:\/\/www.facebook.com\/doprzodu\/videos\/651776641864651\/\"><\/a><p><\/p>Opublikowany przez <a href=\"https:\/\/www.facebook.com\/doprzodu\/\">Stowarzyszenie Do Przodu<\/a> Niedziela, 15 lipca 2018<\/blockquote><\/div>\n<\/div><\/figure>\n\n\n\n<p><\/p>\n","protected":false},"excerpt":{"rendered":"<p>Wzgl\u0119du na optymalizacje dzia\u0142ania strony zapisy z live strema\u00f3w zosta\u0142y podzielone na podstrony. Strona 2 &#8211; losowanie grupStrona 3 &#8211; sobotaStrona 4 &#8211; losowanie bara\u017cyStrona 5 &#8211; niedzielaStrona 6 &#8211; wyniki<\/p>\n","protected":false},"author":1,"featured_media":0,"parent":0,"menu_order":0,"comment_status":"closed","ping_status":"closed","template":"","meta":[],"categories":[],"tags":[],"_links":{"self":[{"href":"https:\/\/doprzodu.org.pl\/wydarzenia\/beachvolley2018\/wp-json\/wp\/v2\/pages\/585"}],"collection":[{"href":"https:\/\/doprzodu.org.pl\/wydarzenia\/beachvolley2018\/wp-json\/wp\/v2\/pages"}],"about":[{"href":"https:\/\/doprzodu.org.pl\/wydarzenia\/beachvolley2018\/wp-json\/wp\/v2\/types\/page"}],"author":[{"embeddable":true,"href":"https:\/\/doprzodu.org.pl\/wydarzenia\/beachvolley2018\/wp-json\/wp\/v2\/users\/1"}],"replies":[{"embeddable":true,"href":"https:\/\/doprzodu.org.pl\/wydarzenia\/beachvolley2018\/wp-json\/wp\/v2\/comments?post=585"}],"version-history":[{"count":4,"href":"https:\/\/doprzodu.org.pl\/wydarzenia\/beachvolley2018\/wp-json\/wp\/v2\/pages\/585\/revisions"}],"predecessor-version":[{"id":588,"href":"https:\/\/doprzodu.org.pl\/wydarzenia\/beachvolley2018\/wp-json\/wp\/v2\/pages\/585\/revisions\/588"}],"wp:attachment":[{"href":"https:\/\/doprzodu.org.pl\/wydarzenia\/beachvolley2018\/wp-json\/wp\/v2\/media?parent=585"}],"wp:term":[{"taxonomy":"category","embeddable":true,"href":"https:\/\/doprzodu.org.pl\/wydarzenia\/beachvolley2018\/wp-json\/wp\/v2\/categories?post=585"},{"taxonomy":"post_tag","embeddable":true,"href":"https:\/\/doprzodu.org.pl\/wydarzenia\/beachvolley2018\/wp-json\/wp\/v2\/tags?post=585"}],"curies":[{"name":"wp","href":"https:\/\/api.w.org\/{rel}","templated":true}]}}