
{"id":600,"date":"2019-06-27T15:48:20","date_gmt":"2019-06-27T13:48:20","guid":{"rendered":"https:\/\/beachvolley19.pl\/?page_id=600"},"modified":"2019-06-27T15:53:55","modified_gmt":"2019-06-27T13:53:55","slug":"regulamin-turnieju","status":"publish","type":"page","link":"https:\/\/doprzodu.org.pl\/wydarzenia\/beachvolley2019\/regulamin-turnieju\/","title":{"rendered":"Regulamin Turnieju"},"content":{"rendered":"\n<p><strong>BEACH VOLLEY 2019<\/strong><strong><br><\/strong><strong>PRU\u015aCE, 13-14 LIPCA 2019<\/strong><\/p>\n\n\n\n<p><strong>REGULAMIN ZAWOD\u00d3W<\/strong><\/p>\n\n\n\n<table class=\"wp-block-table\"><tbody><tr><td><br><strong>I. ZASADY OG\u00d3LNE:<\/strong><br>1. organizatorem turnieju jest Stowarzyszenie Do Przodu.<br>2.\u00a0 w turnieju bior\u0105 udzia\u0142 zespo\u0142y dwuosobowe(m\u0119skie, \u017ce\u0144skie lub mieszane);<br>3.\u00a0 minimalny wiek uczestnika zawod\u00f3w to uko\u0144czone 15 lat;<br>4.\u00a0 uczestnicy poni\u017cej 18 roku \u017cycia posiadaj\u0105 zgod\u0119 rodzic\u00f3w\/opiekun\u00f3w prawnych;<br>5. mecze rozgrywane s\u0105 na boisku o pod\u0142o\u017cu piaszczystym;<br>6. ka\u017cda z dru\u017cyn przed przyst\u0105pieniem do zawod\u00f3w musi podpisa\u0107 akceptacj\u0119 niniejszego Regulaminu oraz O\u015bwiadczenie.<br><strong>II. TECHNIKA ODBI\u0106:<\/strong><br>1. nie wolno przyjmowa\u0107 zagrywki odbiciem g\u00f3rnym obur\u0105cz &#8220;na palce\u201d\u00a0<br>2. nie wolno atakowa\u0107 (przebija\u0107 pi\u0142ki na stron\u0119 przeciwnika) w formie kiwni\u0119cia &#8211; odbicia pi\u0142ki &#8220;palcami&#8221; jednej lub obu r\u0105k;<br>3. odbicie atakuj\u0105ce mo\u017ce by\u0107 wykonane otwart\u0105 d\u0142oni\u0105, grzbietem d\u0142oni, pi\u0119\u015bci\u0105 oraz ka\u017cd\u0105 inn\u0105 cz\u0119\u015bci\u0105 cia\u0142a;\u00a0<br>4. mo\u017cna odbi\u0107 pi\u0142k\u0119 grzbietem d\u0142oni, pi\u0119\u015bci\u0105 lub inn\u0105 tward\u0105 cz\u0119\u015bci\u0105 ramienia lub inn\u0105 cz\u0119\u015bci\u0105 cia\u0142a;<br>5. wystawienie pi\u0142ki do ataku w formie odbicia g\u00f3rnego (&#8220;palcami&#8221;) mo\u017ce by\u0107 r\u00f3wnie\u017c wykonane z wyskoku lub w ty\u0142, je\u015bli jest nienaganne (&#8220;czyste&#8221;);\u00a0<br>6. podczas wystawiania wskazane jest kr\u00f3tkie przetrzymanie pi\u0142ki (przed\u0142u\u017cony kontakt z pi\u0142k\u0105), kt\u00f3re w grze na hali uznane by\u0142oby za b\u0142\u0105d &#8220;pi\u0142ki niesionej&#8221;(!!!).\u00a0<br><br><strong>III. SYSTEM ROZGRYWEK:<\/strong><br>obowi\u0105zuje system mieszany:<br>&#8211; 13.07. (sobota) odb\u0119dzie si\u0119 faza grupowa \u2013 osiem grup po trzy zespo\u0142y; z grupy bezpo\u015brednio awansuj\u0105 zwyci\u0119zcy grup; pary z drugich miejsc zmierz\u0105 si\u0119 w Pucharze Pocieszenia (niedziela);\u00a0<br>&#8211; 14.07. (niedziela)\u00a0 &#8211; Puchar Pocieszenia &#8211; rozgrywany systemem pucharowym\u00a0\u00a0\u00a0\u00a0\u00a0\u00a0\u00a0\u00a0\u00a0\u00a0\u00a0\u00a0\u00a0\u00a0\u00a0\u00a0\u00a0\u00a0\u00a0\u00a0\u00a0\u00a0\u00a0\u00a0\u00a0\u00a0\u00a0\u00a0\u00a0\u00a0\u00a0\u00a0\u00a0\u00a0\u00a0\u00a0\u00a0\u00a0\u00a0<br>&#8211; TOP-8 &#8211; system brazylijski dla 8 dru\u017cyn;\u00a0<strong>IV. ROZGRYWANIE MECZ\u00d3W:<\/strong><br><br>1. mecz jest rozgrywany systemem do dw\u00f3ch wygranych 21-punktowych set\u00f3w;<br>2. w pierwszych dw\u00f3ch setach w przypadku remisu 20:20 gra jest kontynuowana do momentu, w kt\u00f3rym jeden z zespo\u0142\u00f3w uzyska dwa punkty przewagi;<br>3. decyduj\u0105cy (trzeci) set \u2013 tie break jest rozgrywany do 15 punkt\u00f3w &#8211; nie obowi\u0105zuje zasada dw\u00f3ch punkt\u00f3w przewagi), tj. wygrywa zesp\u00f3\u0142, kt\u00f3ry pierwszy zdob\u0119dzie 15 punkt;<br>4. w trzecim secie po 8 zdobytych punktach nast\u0119puje zmiana stron boiska.<br>5. ka\u017cdy zesp\u00f3\u0142 ma prawo do maks. dw\u00f3ch przerw na odpoczynek w meczu,6. organizator po konsultacjach z zawodnikami i s\u0119dzi\u0105 mo\u017ce zmieni\u0107 zasady systemu.<br><strong>V. POSTANOWIENIA KO\u0143COWE<\/strong>:<br>1. zawodnicy bior\u0105cy udzia\u0142 w turnieju graj\u0105 na w\u0142asn\u0105 odpowiedzialno\u015b\u0107;<br>2. organizator nie ponosi odpowiedzialno\u015bci prawnej za udzia\u0142 w rozgrywkach os\u00f3b chorych i ewentualnych, wynik\u0142ych z tego kontuzji, wypadk\u00f3w i uraz\u00f3w. Nakazuje si\u0119, by zawodnicy bior\u0105cy udzia\u0142 w rozgrywkach poddali si\u0119 badaniom lekarskim stwierdzaj\u0105cym ich dobry stan zdrowia;<br>3. w razie jakichkolwiek w\u0105tpliwo\u015bci sprawy rozwi\u0105zywane s\u0105 na bie\u017c\u0105co przez Organizatora.<br><br>\u00a0\u00a0\u00a0\u00a0\u00a0\u00a0\u00a0\u00a0\u00a0\u00a0\u00a0\u00a0\u00a0\u00a0<\/td><\/tr><tr><td><br><\/td><\/tr><\/tbody><\/table>\n","protected":false},"excerpt":{"rendered":"<p>BEACH VOLLEY 2019PRU\u015aCE, 13-14 LIPCA 2019 REGULAMIN ZAWOD\u00d3W I. ZASADY OG\u00d3LNE:1. organizatorem turnieju jest Stowarzyszenie Do Przodu.2.\u00a0 w turnieju bior\u0105 udzia\u0142 zespo\u0142y dwuosobowe(m\u0119skie, \u017ce\u0144skie lub mieszane);3.\u00a0 minimalny wiek uczestnika zawod\u00f3w to uko\u0144czone 15 lat;4.\u00a0 uczestnicy poni\u017cej 18 roku \u017cycia posiadaj\u0105 zgod\u0119 rodzic\u00f3w\/opiekun\u00f3w prawnych;5. mecze rozgrywane s\u0105 na boisku o pod\u0142o\u017cu piaszczystym;6. ka\u017cda z dru\u017cyn przed [&hellip;]<\/p>\n","protected":false},"author":2,"featured_media":0,"parent":0,"menu_order":0,"comment_status":"closed","ping_status":"closed","template":"","meta":[],"categories":[],"tags":[],"_links":{"self":[{"href":"https:\/\/doprzodu.org.pl\/wydarzenia\/beachvolley2019\/wp-json\/wp\/v2\/pages\/600"}],"collection":[{"href":"https:\/\/doprzodu.org.pl\/wydarzenia\/beachvolley2019\/wp-json\/wp\/v2\/pages"}],"about":[{"href":"https:\/\/doprzodu.org.pl\/wydarzenia\/beachvolley2019\/wp-json\/wp\/v2\/types\/page"}],"author":[{"embeddable":true,"href":"https:\/\/doprzodu.org.pl\/wydarzenia\/beachvolley2019\/wp-json\/wp\/v2\/users\/2"}],"replies":[{"embeddable":true,"href":"https:\/\/doprzodu.org.pl\/wydarzenia\/beachvolley2019\/wp-json\/wp\/v2\/comments?post=600"}],"version-history":[{"count":2,"href":"https:\/\/doprzodu.org.pl\/wydarzenia\/beachvolley2019\/wp-json\/wp\/v2\/pages\/600\/revisions"}],"predecessor-version":[{"id":603,"href":"https:\/\/doprzodu.org.pl\/wydarzenia\/beachvolley2019\/wp-json\/wp\/v2\/pages\/600\/revisions\/603"}],"wp:attachment":[{"href":"https:\/\/doprzodu.org.pl\/wydarzenia\/beachvolley2019\/wp-json\/wp\/v2\/media?parent=600"}],"wp:term":[{"taxonomy":"category","embeddable":true,"href":"https:\/\/doprzodu.org.pl\/wydarzenia\/beachvolley2019\/wp-json\/wp\/v2\/categories?post=600"},{"taxonomy":"post_tag","embeddable":true,"href":"https:\/\/doprzodu.org.pl\/wydarzenia\/beachvolley2019\/wp-json\/wp\/v2\/tags?post=600"}],"curies":[{"name":"wp","href":"https:\/\/api.w.org\/{rel}","templated":true}]}}